{"id":3904,"date":"2022-02-20T23:59:00","date_gmt":"2022-02-20T19:59:00","guid":{"rendered":"https:\/\/wiskeys.fr\/?page_id=3904"},"modified":"2022-04-16T14:19:13","modified_gmt":"2022-04-16T10:19:13","slug":"politique-de-confidentialite","status":"publish","type":"page","link":"https:\/\/www.wiskeys.fr\/en\/politique-de-confidentialite\/","title":{"rendered":"Politique de confidentialit\u00e9"},"content":{"rendered":"<p>[et_pb_section fb_built=\u00a0\u00bb1&Prime; inner_shadow=\u00a0\u00bbon\u00a0\u00bb custom_padding_last_edited=\u00a0\u00bbon|tablet\u00a0\u00bb disabled_on=\u00a0\u00bboff|off|off\u00a0\u00bb _builder_version=\u00a0\u00bb4.16&Prime; background_color=\u00a0\u00bbrgba(0,0,0,0.78)\u00a0\u00bb background_color_gradient_start=\u00a0\u00bb#000000&Prime; background_color_gradient_end=\u00a0\u00bb#ffffff\u00a0\u00bb background_image=\u00a0\u00bbhttps:\/\/wiskeys.fr\/wp-content\/uploads\/2022\/02\/location-meuble-pinel-2015-617&#215;260-1.jpg\u00a0\u00bb background_blend=\u00a0\u00bboverlay\u00a0\u00bb width=\u00a0\u00bb100%\u00a0\u00bb width_tablet=\u00a0\u00bb\u00a0\u00bb width_phone=\u00a0\u00bb\u00a0\u00bb width_last_edited=\u00a0\u00bbon|phone\u00a0\u00bb min_height_tablet=\u00a0\u00bb\u00a0\u00bb min_height_phone=\u00a0\u00bb\u00a0\u00bb min_height_last_edited=\u00a0\u00bbon|tablet\u00a0\u00bb height=\u00a0\u00bb261px\u00a0\u00bb height_tablet=\u00a0\u00bb250px\u00a0\u00bb height_phone=\u00a0\u00bb180px\u00a0\u00bb height_last_edited=\u00a0\u00bbon|phone\u00a0\u00bb max_height=\u00a0\u00bb856px\u00a0\u00bb max_height_tablet=\u00a0\u00bb1000px\u00a0\u00bb max_height_phone=\u00a0\u00bb\u00a0\u00bb max_height_last_edited=\u00a0\u00bbon|tablet\u00a0\u00bb custom_margin=\u00a0\u00bb0px||-1px||false|false\u00a0\u00bb custom_margin_tablet=\u00a0\u00bb0px||-1px||false|false\u00a0\u00bb custom_margin_phone=\u00a0\u00bb-20px||-1px||false|false\u00a0\u00bb custom_margin_last_edited=\u00a0\u00bbon|phone\u00a0\u00bb custom_padding=\u00a0\u00bb63px||||false|false\u00a0\u00bb custom_padding_tablet=\u00a0\u00bb84px||||false|false\u00a0\u00bb custom_padding_phone=\u00a0\u00bb\u00a0\u00bb top_divider_height_tablet=\u00a0\u00bb\u00a0\u00bb top_divider_height_phone=\u00a0\u00bb\u00a0\u00bb top_divider_height_last_edited=\u00a0\u00bbon|phone\u00a0\u00bb bottom_divider_height=\u00a0\u00bb221px\u00a0\u00bb bottom_divider_flip=\u00a0\u00bbhorizontal\u00a0\u00bb bottom_divider_height_tablet=\u00a0\u00bb\u00a0\u00bb bottom_divider_height_phone=\u00a0\u00bb97px\u00a0\u00bb bottom_divider_height_last_edited=\u00a0\u00bbon|phone\u00a0\u00bb scroll_vertical_motion=\u00a0\u00bb0|84|84|100|4|0|-4&Prime; background_last_edited=\u00a0\u00bbon|desktop\u00a0\u00bb background_position_phone=\u00a0\u00bbtop_center\u00a0\u00bb global_colors_info=\u00a0\u00bb{}\u00a0\u00bb][et_pb_row disabled_on=\u00a0\u00bboff|off|off\u00a0\u00bb _builder_version=\u00a0\u00bb4.16&Prime; width=\u00a0\u00bb100%\u00a0\u00bb module_alignment=\u00a0\u00bbcenter\u00a0\u00bb custom_margin=\u00a0\u00bb-7px|auto||auto|false|false\u00a0\u00bb custom_padding=\u00a0\u00bb||19px|||\u00a0\u00bb global_colors_info=\u00a0\u00bb{}\u00a0\u00bb][et_pb_column type=\u00a0\u00bb4_4&Prime; _builder_version=\u00a0\u00bb4.16&Prime; global_colors_info=\u00a0\u00bb{}\u00a0\u00bb][et_pb_text content_tablet=\u00a0\u00bb<\/p>\n<h1 style=%22text-align: center;%22>Politique de confidentialit\u00e9<\/h1>\n<p>\u00a0\u00bb content_phone=\u00a0\u00bb<\/p>\n<h1 style=%22text-align: center;%22>Politique de confidentialit\u00e9<\/h1>\n<p>\u00a0\u00bb content_last_edited=\u00a0\u00bbon|phone\u00a0\u00bb _builder_version=\u00a0\u00bb4.16&Prime; text_font=\u00a0\u00bbAlegreya Sans|700||on|||||\u00a0\u00bb text_text_color=\u00a0\u00bb#d0ad00&Prime; text_font_size=\u00a0\u00bb60px\u00a0\u00bb text_line_height=\u00a0\u00bb1.3em\u00a0\u00bb header_font=\u00a0\u00bbAdamina|700||on|||||\u00a0\u00bb header_text_color=\u00a0\u00bb#ffaa00&Prime; header_font_size=\u00a0\u00bb40px\u00a0\u00bb header_letter_spacing=\u00a0\u00bb7px\u00a0\u00bb header_line_height=\u00a0\u00bb1.3em\u00a0\u00bb background_layout=\u00a0\u00bbdark\u00a0\u00bb width=\u00a0\u00bb80%\u00a0\u00bb module_alignment=\u00a0\u00bbcenter\u00a0\u00bb custom_margin=\u00a0\u00bb14px||26px|0px|false|false\u00a0\u00bb custom_margin_tablet=\u00a0\u00bb-10px||0px||false|false\u00a0\u00bb custom_margin_phone=\u00a0\u00bb-30px||5px||false|false\u00a0\u00bb custom_margin_last_edited=\u00a0\u00bbon|phone\u00a0\u00bb custom_padding=\u00a0\u00bb||0px|0px|false|false\u00a0\u00bb animation_style=\u00a0\u00bbbounce\u00a0\u00bb animation_direction=\u00a0\u00bbbottom\u00a0\u00bb text_text_color_tablet=\u00a0\u00bb#d0ad00&Prime; text_text_color_phone=\u00a0\u00bb#d0ad00&Prime; text_text_color_last_edited=\u00a0\u00bbon|phone\u00a0\u00bb text_font_size_tablet=\u00a0\u00bb50px\u00a0\u00bb text_font_size_phone=\u00a0\u00bb40px\u00a0\u00bb text_font_size_last_edited=\u00a0\u00bbon|desktop\u00a0\u00bb text_line_height_tablet=\u00a0\u00bb\u00a0\u00bb text_line_height_phone=\u00a0\u00bb1.3em\u00a0\u00bb text_line_height_last_edited=\u00a0\u00bbon|desktop\u00a0\u00bb header_font_size_tablet=\u00a0\u00bb28px\u00a0\u00bb header_font_size_phone=\u00a0\u00bb20px\u00a0\u00bb header_font_size_last_edited=\u00a0\u00bbon|phone\u00a0\u00bb header_letter_spacing_tablet=\u00a0\u00bb7px\u00a0\u00bb header_letter_spacing_phone=\u00a0\u00bb5px\u00a0\u00bb header_letter_spacing_last_edited=\u00a0\u00bbon|phone\u00a0\u00bb header_line_height_tablet=\u00a0\u00bb1em\u00a0\u00bb header_line_height_last_edited=\u00a0\u00bboff|desktop\u00a0\u00bb header_text_shadow_style=\u00a0\u00bbpreset4&Prime; global_colors_info=\u00a0\u00bb{}\u00a0\u00bb]<\/p>\n<h1 style=\"text-align: center;\">Politique de confidentialit\u00e9<\/h1>\n<p>[\/et_pb_text][\/et_pb_column][\/et_pb_row][\/et_pb_section][et_pb_section fb_built=\u00a0\u00bb1&Prime; _builder_version=\u00a0\u00bb4.16&Prime; _module_preset=\u00a0\u00bbdefault\u00a0\u00bb custom_padding=\u00a0\u00bb28px||4px|||\u00a0\u00bb global_colors_info=\u00a0\u00bb{}\u00a0\u00bb][et_pb_row _builder_version=\u00a0\u00bb4.16&Prime; _module_preset=\u00a0\u00bbdefault\u00a0\u00bb custom_padding=\u00a0\u00bb||20px|||\u00a0\u00bb global_colors_info=\u00a0\u00bb{}\u00a0\u00bb][et_pb_column type=\u00a0\u00bb4_4&Prime; _builder_version=\u00a0\u00bb4.16&Prime; _module_preset=\u00a0\u00bbdefault\u00a0\u00bb global_colors_info=\u00a0\u00bb{}\u00a0\u00bb][et_pb_text _builder_version=\u00a0\u00bb4.16&Prime; _module_preset=\u00a0\u00bbdefault\u00a0\u00bb text_font=\u00a0\u00bbAdamina||||||||\u00a0\u00bb text_text_color=\u00a0\u00bb#000000&Prime; text_font_size=\u00a0\u00bb15px\u00a0\u00bb text_line_height=\u00a0\u00bb2em\u00a0\u00bb global_colors_info=\u00a0\u00bb{}\u00a0\u00bb]<\/p>\n<p><strong>POLITIQUE DE CONFIDENTIALITE ET PROTECTION DES DONNEES PERSONNELLES<\/strong><\/p>\n<p>La protection de vos donn\u00e9es personnelles est une question de confiance et votre confiance est notre priorit\u00e9. Tout traitement des donn\u00e9es personnelles vous concernant est effectu\u00e9 dans le respect des dispositions l\u00e9gales applicables en la mati\u00e8re.<\/p>\n<p>Dans le cadre de l&rsquo;exploitation de notre site, Wiskeys collecte des donn\u00e9es personnelles. Elles sont stock\u00e9es dans des conditions visant \u00e0 assurer leur s\u00e9curit\u00e9 et leur confidentialit\u00e9.<\/p>\n<p>Le responsable du traitement des donn\u00e9es \u00e0 caract\u00e8re personnel est Wiskeys<\/p>\n<p><strong>1. Quelles sont les donn\u00e9es que nous collectons ?<\/strong><\/p>\n<p>Les donn\u00e9es que nous collectons permettent de vous identifier comme une personne particuli\u00e8re. Nous collectons notamment votre civilit\u00e9, nom, pr\u00e9nom, adresse postale, adresse \u00e9mail et num\u00e9ro de t\u00e9l\u00e9phone en lien direct avec notre activit\u00e9 de location d\u2019h\u00e9bergements de tourisme.<\/p>\n<p><strong>2. Quand vos donn\u00e9es sont-elles collectes ?<\/strong><\/p>\n<p>Nous collectons vos donn\u00e9es lors de votre demande de r\u00e9servation et\/ou d&rsquo;informations et lors de votre demande d&rsquo;estimation de revenus locatifs<\/p>\n<p><strong>3. A quelles fins vos donn\u00e9es sont \u2013 elles utilis\u00e9es ?<\/strong><\/p>\n<p>Les donn\u00e9es collect\u00e9es sont n\u00e9cessaires \u00e0 votre demande de r\u00e9servation. Nous utilisons vos donn\u00e9es pour vous communiquer, votre bon de confirmation de r\u00e9servation et des informations importantes quant \u00e0 votre r\u00e9servation.<\/p>\n<p><strong>4. Comment prot\u00e9geons-nous vos donn\u00e9es ?<\/strong><\/p>\n<p>Votre information est s\u00e9curis\u00e9e et seul peuvent acc\u00e9der \u00e0 cette information un nombre limit\u00e9 de personnes ayant acc\u00e8s \u00e0 ce syst\u00e8me, et qui ont le devoir de confidentialit\u00e9.<\/p>\n<p><strong>5. Vos donn\u00e9es sont-elles partag\u00e9es \u00e0 des tiers ?<\/strong><\/p>\n<p>Les donn\u00e9es collect\u00e9es sont uniquement utilis\u00e9es par Wiskeys dans le cadre de notre activit\u00e9. Nous ne vendons, ne partageons pas, n&rsquo;\u00e9changeons et ne transf\u00e9rons pas vos donn\u00e9es personnelles \u00e0 des tiers.<\/p>\n<p><strong>6. Dur\u00e9e de conservation de vos donn\u00e9es personnelles.<\/strong><\/p>\n<p>Nous conservons vos donn\u00e9es personnelles dans la limite de 10 ans.<\/p>\n<p><strong>7. Vos droits<\/strong><\/p>\n<p>Conform\u00e9ment \u00e0 la R\u00e9glementation sur les Donn\u00e9es Personnelles, vous pouvez \u00e0 tout moment\u00a0:<\/p>\n<ul>\n<li>Vous opposer au traitement de vos donn\u00e9es,<\/li>\n<li>Rectifier \/ mettre \u00e0 jour et supprimer vos donn\u00e9es,<\/li>\n<li>Demander une limitation des traitements de vos donn\u00e9es.<\/li>\n<li>Vous d\u00e9sabonner \u00e0 tout moment de nos courriers \u00e9lectroniques<\/li>\n<\/ul>\n<p>en adressant un email \u00e0 contact@wiskeys.fr ou par voie postale \u00e0 : 48 rue de la citoyennet\u00e9 \u00e0 Sainte Suzanne.<\/p>\n<p>En raison de l\u2019obligation de s\u00e9curit\u00e9 et de confidentialit\u00e9 dans le traitement des donn\u00e9es \u00e0 caract\u00e8re personnel, vous \u00eates inform\u00e9 que votre demande sera trait\u00e9e sous r\u00e9serve que vous rapportiez la preuve de votre identit\u00e9, notamment par la production d\u2019une copie de votre pi\u00e8ce d\u2019identit\u00e9 valide.<\/p>\n<p>[\/et_pb_text][\/et_pb_column][\/et_pb_row][\/et_pb_section]<\/p>\n","protected":false},"excerpt":{"rendered":"<p>Politique de confidentialit\u00e9POLITIQUE DE CONFIDENTIALITE ET PROTECTION DES DONNEES PERSONNELLES La protection de vos donn\u00e9es personnelles est une question de confiance et votre confiance est notre priorit\u00e9. Tout traitement des donn\u00e9es personnelles vous concernant est effectu\u00e9 dans le respect des dispositions l\u00e9gales applicables en la mati\u00e8re. Dans le cadre de l&rsquo;exploitation de notre site, Wiskeys [&hellip;]<\/p>\n","protected":false},"author":1,"featured_media":0,"parent":0,"menu_order":0,"comment_status":"closed","ping_status":"closed","template":"","meta":{"_et_pb_use_builder":"on","_et_pb_old_content":"<!-- wp:divi\/placeholder \/-->","_et_gb_content_width":"","_glsr_average":0,"_glsr_ranking":0,"_glsr_reviews":0,"_joinchat":[],"footnotes":""},"class_list":["post-3904","page","type-page","status-publish","hentry"],"_links":{"self":[{"href":"https:\/\/www.wiskeys.fr\/en\/wp-json\/wp\/v2\/pages\/3904","targetHints":{"allow":["GET"]}}],"collection":[{"href":"https:\/\/www.wiskeys.fr\/en\/wp-json\/wp\/v2\/pages"}],"about":[{"href":"https:\/\/www.wiskeys.fr\/en\/wp-json\/wp\/v2\/types\/page"}],"author":[{"embeddable":true,"href":"https:\/\/www.wiskeys.fr\/en\/wp-json\/wp\/v2\/users\/1"}],"replies":[{"embeddable":true,"href":"https:\/\/www.wiskeys.fr\/en\/wp-json\/wp\/v2\/comments?post=3904"}],"version-history":[{"count":18,"href":"https:\/\/www.wiskeys.fr\/en\/wp-json\/wp\/v2\/pages\/3904\/revisions"}],"predecessor-version":[{"id":4605,"href":"https:\/\/www.wiskeys.fr\/en\/wp-json\/wp\/v2\/pages\/3904\/revisions\/4605"}],"wp:attachment":[{"href":"https:\/\/www.wiskeys.fr\/en\/wp-json\/wp\/v2\/media?parent=3904"}],"curies":[{"name":"wp","href":"https:\/\/api.w.org\/{rel}","templated":true}]}}